{"id":173,"date":"2024-10-27T10:08:48","date_gmt":"2024-10-27T10:08:48","guid":{"rendered":"http:\/\/osmankaya.net\/?page_id=173"},"modified":"2026-03-03T21:42:06","modified_gmt":"2026-03-03T21:42:06","slug":"173-2","status":"publish","type":"page","link":"https:\/\/osmankaya.net\/?page_id=173","title":{"rendered":"My Works"},"content":{"rendered":"\n<!DOCTYPE html>\n<html lang=\"en\">\n<head>\n    <meta charset=\"UTF-8\">\n    <meta name=\"viewport\" content=\"width=device-width, initial-scale=1.0\">\n    <title>My Work &#8211; Osman Kaya<\/title>\n    <style>\n         .worklist {\n           \n        }\n        .worklist li {\n            margin: 10px 0;\n            padding: 10px;\n            background-color: #eaeaea;\n            border-radius: 4px;\n        }\n\n        .worklist h1, h2 {\n            color: #333;\n        }\n        .worklist ul {\n            list-style-type: none;\n            padding: 0;\n        }\n        \n        .worklist a {\n            color: #007bff;\n            text-decoration: none;\n        }\n        .worklist a:hover {\n            text-decoration: underline;\n        }\n    <\/style>\n<\/head>\n<body>\n\n<div class=\"worklist\">\n    <!-- Oral Presentations & Posters Section -->\n    <h3>Oral Presentations &#038; Posters<\/h3>\n    <ul>\n        <li><a href=\"http:\/\/osmankaya.net\/?p=339\">Safe Management of Anesthesia in the Patient with Deep Neck Infection<\/a><\/li>\n        <li><a href=\"http:\/\/osmankaya.net\/?page_id=343\">Are the analgesic effects of morphine added to transversus abdominis plane block systemic or regional?<\/a><\/li>\n        <li><a href=\"http:\/\/osmankaya.net\/?page_id=347\">Our Application Of Popliteal Sciatic Nerve Block And Pulse Radiofrequency in A Bilateral Amputee Patient With Stamp Pain<\/a><\/li>\n       <li><a href=\"http:\/\/osmankaya.net\/?page_id=351\">A Case Report Showing the Effectiveness of Thoracal Sympatic Block and Radiofrequency Treatments in Compensatory Hyperhidrosis<\/a><\/li>\n       <li><a href=\"http:\/\/osmankaya.net\/?page_id=354\">Management of a Case Developing Resistant Anaphylactic Shock in Hydatid Cyst Surgery<\/a><\/li>\n        <!-- Di\u011fer sunumlar bu \u015fekilde listelenebilir -->\n    <\/ul>\n\n    <!-- Articles Section -->\n    <h3>Articles<\/h3>\n    <ul>\n <li><a href=\"https:\/\/journals.lww.com\/md-journal\/fulltext\/2026\/02270\/evaluation_of_difficult_laryngoscopy_with.55.aspx\">Evaluation of difficult laryngoscopy with ultrasonography in pediatric patients: Prospective study<\/a><\/li>\n <li><a href=\"https:\/\/osmankaya.net\/?p=410\">Are the Analgesic Effects of Morphine Added to Transversus Abdominis Plane Block Systemic or Regional? A Randomized Clinical Trial<\/a><\/li>\n        <li><a href=\"http:\/\/osmankaya.net\/?page_id=228\">An interesting case of refractory hypotension and noncardiogenic pulmonary edema after amlodipine overdose<\/a><\/li>\n        <li><a href=\"#\">Management of a Case Developing Resistant Anaphylactic Shock in Hydatid Cyst Surgery<\/a><\/li>\n        <span style=\"display: none\">\n<li><a href=\"#\">Evaluation of difficult laryngoscopy with ultrasonography in pediatric patients<\/a><\/li>\n<\/span>\n        <!-- Di\u011fer makaleler bu \u015fekilde listelenebilir -->\n    <\/ul>\n\n  <!-- Books Section -->\n    <h3>Books<\/h3>\n    <ul>\n        <li><a href=\"#\">A Perspective on ECG Through Questions &#8211; <i>Sorularla EKG\u2019ye Bak\u0131\u015f<\/i><\/a><\/li>\n        <li><a href=\"#\">Anesthesia Updates 2025 &#8211; Anesthesiology: Fast-Track Updates for Busy Clinicians<\/a><\/li>\n        <li><a href=\"http:\/\/osmankaya.net\/?p=196\">Anesthesiology Manual: Best Practices and Case Management<\/a><\/li>\n        <li><a href=\"http:\/\/osmankaya.net\/?p=167\">Heart Surgery Question Books<\/a><\/li>\n        <!-- Di\u011fer \u00e7eviriler bu \u015fekilde listelenebilir -->\n    <\/ul>\n\n    <!-- Translations Section -->\n    <h3>Translations<\/h3>\n    <ul>\n        <li><a href=\"http:\/\/osmankaya.net\/?p=162\">Regional Nerve Blocks in Anesthesia and Pain Therapy<\/a><\/li>\n        <li><a href=\"http:\/\/osmankaya.net\/?p=149\">Cardiac Surgical Complications<\/a><\/li>\n        <!-- Di\u011fer \u00e7eviriler bu \u015fekilde listelenebilir -->\n    <\/ul>\n\n<\/div>\n\n<\/body>\n<\/html>\n\n\n\n<p><\/p>\n","protected":false},"excerpt":{"rendered":"<p>My Work &#8211; Osman Kaya Oral Presentations &#038; Posters Safe Management of Anesthesia in the Patient with Deep Neck Infection Are the analgesic effects of morphine added to transversus abdominis plane block systemic or regional? Our Application Of Popliteal Sciatic Nerve Block And Pulse Radiofrequency in A Bilateral Amputee Patient With Stamp Pain A Case [&hellip;]<\/p>\n","protected":false},"author":1,"featured_media":0,"parent":0,"menu_order":0,"comment_status":"closed","ping_status":"closed","template":"","meta":{"footnotes":""},"class_list":["post-173","page","type-page","status-publish","hentry"],"_links":{"self":[{"href":"https:\/\/osmankaya.net\/index.php?rest_route=\/wp\/v2\/pages\/173","targetHints":{"allow":["GET"]}}],"collection":[{"href":"https:\/\/osmankaya.net\/index.php?rest_route=\/wp\/v2\/pages"}],"about":[{"href":"https:\/\/osmankaya.net\/index.php?rest_route=\/wp\/v2\/types\/page"}],"author":[{"embeddable":true,"href":"https:\/\/osmankaya.net\/index.php?rest_route=\/wp\/v2\/users\/1"}],"replies":[{"embeddable":true,"href":"https:\/\/osmankaya.net\/index.php?rest_route=%2Fwp%2Fv2%2Fcomments&post=173"}],"version-history":[{"count":25,"href":"https:\/\/osmankaya.net\/index.php?rest_route=\/wp\/v2\/pages\/173\/revisions"}],"predecessor-version":[{"id":460,"href":"https:\/\/osmankaya.net\/index.php?rest_route=\/wp\/v2\/pages\/173\/revisions\/460"}],"wp:attachment":[{"href":"https:\/\/osmankaya.net\/index.php?rest_route=%2Fwp%2Fv2%2Fmedia&parent=173"}],"curies":[{"name":"wp","href":"https:\/\/api.w.org\/{rel}","templated":true}]}}