{"id":228,"date":"2024-10-27T18:56:56","date_gmt":"2024-10-27T18:56:56","guid":{"rendered":"http:\/\/osmankaya.net\/?page_id=228"},"modified":"2025-01-16T11:18:05","modified_gmt":"2025-01-16T11:18:05","slug":"an-interesting-case-of-refractory-hypotension-and-noncardiogenic-pulmonary-edemaafter-amlodipine-overdose","status":"publish","type":"page","link":"https:\/\/osmankaya.net\/?page_id=228","title":{"rendered":"An interesting case of refractory hypotension and noncardiogenic pulmonary edemaafter amlodipine overdose"},"content":{"rendered":"\n<p><strong>Co-author of Case Report<\/strong><br><strong>Case Report Title<\/strong>: An interesting case of refractory hypotension and noncardiogenic pulmonary edemaafter amlodipine overdose<br><strong>Authors<\/strong>: Alur I., Peker G., Tasyuz T., Kaya A. D., Kaya O.<br>Cardiovascular Surgery Interventions 2024;11(3):213-216<\/p>\n\n\n\n<div data-wp-interactive=\"core\/file\" class=\"wp-block-file\"><object data-wp-bind--hidden=\"!state.hasPdfPreview\" hidden class=\"wp-block-file__embed\" data=\"http:\/\/osmankaya.net\/wp-content\/uploads\/2024\/10\/pdf_ECVSI_268.pdf\" type=\"application\/pdf\" style=\"width:100%;height:900px\" aria-label=\"pdf_ECVSI_268 g\u00f6m\u00fcs\u00fc.\"><\/object><a id=\"wp-block-file--media-02289c5d-bb13-4531-b280-36ef0b4cba78\" href=\"http:\/\/osmankaya.net\/wp-content\/uploads\/2024\/10\/pdf_ECVSI_268.pdf\">pdf_ECVSI_268<\/a><\/div>\n\n\n\n<p>Here is the journal link: <a href=\"https:\/\/e-cvsi.org\/text.php3?id=268\">https:\/\/e-cvsi.org\/text.php3?id=268<\/a><\/p>\n\n\n\n<p><\/p>\n","protected":false},"excerpt":{"rendered":"<p>Co-author of Case ReportCase Report Title: An interesting case of refractory hypotension and noncardiogenic pulmonary edemaafter amlodipine overdoseAuthors: Alur I., Peker G., Tasyuz T., Kaya A. D., Kaya O.Cardiovascular Surgery Interventions 2024;11(3):213-216 Here is the journal link: https:\/\/e-cvsi.org\/text.php3?id=268<\/p>\n","protected":false},"author":1,"featured_media":0,"parent":0,"menu_order":0,"comment_status":"closed","ping_status":"closed","template":"","meta":{"footnotes":""},"class_list":["post-228","page","type-page","status-publish","hentry"],"_links":{"self":[{"href":"https:\/\/osmankaya.net\/index.php?rest_route=\/wp\/v2\/pages\/228","targetHints":{"allow":["GET"]}}],"collection":[{"href":"https:\/\/osmankaya.net\/index.php?rest_route=\/wp\/v2\/pages"}],"about":[{"href":"https:\/\/osmankaya.net\/index.php?rest_route=\/wp\/v2\/types\/page"}],"author":[{"embeddable":true,"href":"https:\/\/osmankaya.net\/index.php?rest_route=\/wp\/v2\/users\/1"}],"replies":[{"embeddable":true,"href":"https:\/\/osmankaya.net\/index.php?rest_route=%2Fwp%2Fv2%2Fcomments&post=228"}],"version-history":[{"count":1,"href":"https:\/\/osmankaya.net\/index.php?rest_route=\/wp\/v2\/pages\/228\/revisions"}],"predecessor-version":[{"id":230,"href":"https:\/\/osmankaya.net\/index.php?rest_route=\/wp\/v2\/pages\/228\/revisions\/230"}],"wp:attachment":[{"href":"https:\/\/osmankaya.net\/index.php?rest_route=%2Fwp%2Fv2%2Fmedia&parent=228"}],"curies":[{"name":"wp","href":"https:\/\/api.w.org\/{rel}","templated":true}]}}