{"id":343,"date":"2024-11-01T16:43:12","date_gmt":"2024-11-01T16:43:12","guid":{"rendered":"http:\/\/osmankaya.net\/?page_id=343"},"modified":"2024-11-01T16:43:12","modified_gmt":"2024-11-01T16:43:12","slug":"e-poster-are-the-analgesic-effects-of-morphine-added-to-transverses-abdominis-plane-block-systemic-or-regional-a-randomized-controlled-trial","status":"publish","type":"page","link":"https:\/\/osmankaya.net\/?page_id=343","title":{"rendered":"E-Poster &#8211; Are the analgesic effects of morphine added to transverses abdominis plane block systemic or regional? A randomized controlled trial"},"content":{"rendered":"\n<p><strong>E-Poster<\/strong><br><strong>Article Title:<\/strong>\u00a0Are the analgesic effects of morphine added to transverses abdominis plane block systemic or regional? A randomized controlled trial<br><strong>Authors:<\/strong>\u00a0Meryem Onay, Osman Kaya, El\u00e7in Telli, Ayten Bilir, Mehmet Sacit G\u00fcle\u00e7<br>6<sup>th<\/sup>\u00a0 World Congress on Regional Anaesthesia &amp; Pain Medicine \u00b7 6-9 September 2023, Paris, France<\/p>\n\n\n\n<div data-wp-interactive=\"core\/file\" class=\"wp-block-file\"><object data-wp-bind--hidden=\"!state.hasPdfPreview\" hidden class=\"wp-block-file__embed\" data=\"http:\/\/osmankaya.net\/wp-content\/uploads\/2024\/11\/A123.full_.pdf\" type=\"application\/pdf\" style=\"width:100%;height:900px\" aria-label=\"A123.full g\u00f6m\u00fcs\u00fc.\"><\/object><a id=\"wp-block-file--media-19bf8496-7826-423a-a90a-3d342334ce48\" href=\"http:\/\/osmankaya.net\/wp-content\/uploads\/2024\/11\/A123.full_.pdf\">A123.full<\/a><a href=\"http:\/\/osmankaya.net\/wp-content\/uploads\/2024\/11\/A123.full_.pdf\" class=\"wp-block-file__button wp-element-button\" download aria-describedby=\"wp-block-file--media-19bf8496-7826-423a-a90a-3d342334ce48\">Download<\/a><\/div>\n\n\n\n<p>To view the PDF online, please visit from your computer browser. To view the PDF from your phone, you can download the file from the link above.<\/p>\n\n\n\n<p>To visit the journal&#8217;s page: <a href=\"https:\/\/rapm.bmj.com\/content\/48\/Suppl_1\/A123.abstract\">EP154\u2005Are the analgesic effects of morphine added to transverses abdominis plane block systemic or regional? A randomized controlled trial | Regional Anesthesia &amp; Pain Medicine<\/a><\/p>\n","protected":false},"excerpt":{"rendered":"<p>E-PosterArticle Title:\u00a0Are the analgesic effects of morphine added to transverses abdominis plane block systemic or regional? A randomized controlled trialAuthors:\u00a0Meryem Onay, Osman Kaya, El\u00e7in Telli, Ayten Bilir, Mehmet Sacit G\u00fcle\u00e76th\u00a0 World Congress on Regional Anaesthesia &amp; Pain Medicine \u00b7 6-9 September 2023, Paris, France To view the PDF online, please visit from your computer browser. [&hellip;]<\/p>\n","protected":false},"author":1,"featured_media":0,"parent":0,"menu_order":0,"comment_status":"closed","ping_status":"closed","template":"","meta":{"footnotes":""},"class_list":["post-343","page","type-page","status-publish","hentry"],"_links":{"self":[{"href":"https:\/\/osmankaya.net\/index.php?rest_route=\/wp\/v2\/pages\/343","targetHints":{"allow":["GET"]}}],"collection":[{"href":"https:\/\/osmankaya.net\/index.php?rest_route=\/wp\/v2\/pages"}],"about":[{"href":"https:\/\/osmankaya.net\/index.php?rest_route=\/wp\/v2\/types\/page"}],"author":[{"embeddable":true,"href":"https:\/\/osmankaya.net\/index.php?rest_route=\/wp\/v2\/users\/1"}],"replies":[{"embeddable":true,"href":"https:\/\/osmankaya.net\/index.php?rest_route=%2Fwp%2Fv2%2Fcomments&post=343"}],"version-history":[{"count":1,"href":"https:\/\/osmankaya.net\/index.php?rest_route=\/wp\/v2\/pages\/343\/revisions"}],"predecessor-version":[{"id":345,"href":"https:\/\/osmankaya.net\/index.php?rest_route=\/wp\/v2\/pages\/343\/revisions\/345"}],"wp:attachment":[{"href":"https:\/\/osmankaya.net\/index.php?rest_route=%2Fwp%2Fv2%2Fmedia&parent=343"}],"curies":[{"name":"wp","href":"https:\/\/api.w.org\/{rel}","templated":true}]}}