{"id":347,"date":"2024-11-01T17:56:46","date_gmt":"2024-11-01T17:56:46","guid":{"rendered":"http:\/\/osmankaya.net\/?page_id=347"},"modified":"2024-11-01T17:56:46","modified_gmt":"2024-11-01T17:56:46","slug":"oral-presentation-our-application-of-popliteal-sciatic-nerve-block-and-pulse-radiofrequency-in-a-bilateral-amputee-patient-with-stamp-pain","status":"publish","type":"page","link":"https:\/\/osmankaya.net\/?page_id=347","title":{"rendered":"Oral Presentation &#8211; Our Application of Popliteal Sciatic Nerve Block and Pulse Radiofrequency in a Bilateral Amputee Patient with Stamp Pain"},"content":{"rendered":"\n<p><strong>Oral Presentation<\/strong><br><strong>Case Title:<\/strong>\u00a0Our Application of Popliteal Sciatic Nerve Block and Pulse Radiofrequency in a Bilateral Amputee Patient with Stamp Pain<br><strong>Authors:<\/strong>\u00a0Osman Kaya, F\u0131rat Akba\u015f, Tu\u011fba \u00d6zyurt, Mehmet Sacit G\u00fcle\u00e7<br>18<sup>th<\/sup> National Regional Anaesthesia Congress with International Participation \u00b7 7 June 2022, Izmir, Turkey<\/p>\n\n\n\n<div data-wp-interactive=\"core\/file\" class=\"wp-block-file\"><object data-wp-bind--hidden=\"!state.hasPdfPreview\" hidden class=\"wp-block-file__embed\" data=\"http:\/\/osmankaya.net\/wp-content\/uploads\/2024\/11\/Our-Application-of-Popliteal-Sciatic-Nerve-Block-and-Pulse-Radiofrequency-in-a-Bilateral-Amputee-Patient-with-Stamp-Pain.pdf\" type=\"application\/pdf\" style=\"width:100%;height:900px\" aria-label=\"Our Application of Popliteal Sciatic Nerve Block and Pulse Radiofrequency in a Bilateral Amputee Patient with Stamp Pain g\u00f6m\u00fcs\u00fc.\"><\/object><a id=\"wp-block-file--media-2b8178fe-44d7-46f0-a1de-918d3aff3048\" href=\"http:\/\/osmankaya.net\/wp-content\/uploads\/2024\/11\/Our-Application-of-Popliteal-Sciatic-Nerve-Block-and-Pulse-Radiofrequency-in-a-Bilateral-Amputee-Patient-with-Stamp-Pain.pdf\">Our Application of Popliteal Sciatic Nerve Block and Pulse Radiofrequency in a Bilateral Amputee Patient with Stamp Pain<\/a><a href=\"http:\/\/osmankaya.net\/wp-content\/uploads\/2024\/11\/Our-Application-of-Popliteal-Sciatic-Nerve-Block-and-Pulse-Radiofrequency-in-a-Bilateral-Amputee-Patient-with-Stamp-Pain.pdf\" class=\"wp-block-file__button wp-element-button\" download aria-describedby=\"wp-block-file--media-2b8178fe-44d7-46f0-a1de-918d3aff3048\">Download<\/a><\/div>\n\n\n\n<p>To view the PDF online, please visit from your computer browser. To view the PDF from your phone, you can download the file from the link above.<\/p>\n\n\n\n<p><\/p>\n","protected":false},"excerpt":{"rendered":"<p>Oral PresentationCase Title:\u00a0Our Application of Popliteal Sciatic Nerve Block and Pulse Radiofrequency in a Bilateral Amputee Patient with Stamp PainAuthors:\u00a0Osman Kaya, F\u0131rat Akba\u015f, Tu\u011fba \u00d6zyurt, Mehmet Sacit G\u00fcle\u00e718th National Regional Anaesthesia Congress with International Participation \u00b7 7 June 2022, Izmir, Turkey To view the PDF online, please visit from your computer browser. To view the [&hellip;]<\/p>\n","protected":false},"author":1,"featured_media":0,"parent":0,"menu_order":0,"comment_status":"closed","ping_status":"closed","template":"","meta":{"footnotes":""},"class_list":["post-347","page","type-page","status-publish","hentry"],"_links":{"self":[{"href":"https:\/\/osmankaya.net\/index.php?rest_route=\/wp\/v2\/pages\/347","targetHints":{"allow":["GET"]}}],"collection":[{"href":"https:\/\/osmankaya.net\/index.php?rest_route=\/wp\/v2\/pages"}],"about":[{"href":"https:\/\/osmankaya.net\/index.php?rest_route=\/wp\/v2\/types\/page"}],"author":[{"embeddable":true,"href":"https:\/\/osmankaya.net\/index.php?rest_route=\/wp\/v2\/users\/1"}],"replies":[{"embeddable":true,"href":"https:\/\/osmankaya.net\/index.php?rest_route=%2Fwp%2Fv2%2Fcomments&post=347"}],"version-history":[{"count":1,"href":"https:\/\/osmankaya.net\/index.php?rest_route=\/wp\/v2\/pages\/347\/revisions"}],"predecessor-version":[{"id":349,"href":"https:\/\/osmankaya.net\/index.php?rest_route=\/wp\/v2\/pages\/347\/revisions\/349"}],"wp:attachment":[{"href":"https:\/\/osmankaya.net\/index.php?rest_route=%2Fwp%2Fv2%2Fmedia&parent=347"}],"curies":[{"name":"wp","href":"https:\/\/api.w.org\/{rel}","templated":true}]}}