{"id":351,"date":"2024-11-01T18:18:03","date_gmt":"2024-11-01T18:18:03","guid":{"rendered":"http:\/\/osmankaya.net\/?page_id=351"},"modified":"2024-11-01T18:18:03","modified_gmt":"2024-11-01T18:18:03","slug":"oral-presentation-a-case-report-showing-the-effectiveness-of-thoracal-sympatic-block-and-radiofrequency-treatments-in-compensatory-hyperhidrosis","status":"publish","type":"page","link":"https:\/\/osmankaya.net\/?page_id=351","title":{"rendered":"Oral Presentation \u2013\u00a0A Case Report Showing the Effectiveness of Thoracal Sympatic Block and Radiofrequency Treatments in Compensatory Hyperhidrosis"},"content":{"rendered":"\n<p><strong>Oral Presentation<\/strong><br><strong>Case Title:<\/strong>\u00a0A Case Report Showing the Effectiveness of Thoracal Sympatic Block and Radiofrequency Treatments in Compensatory<br><strong>Authors:<\/strong>\u00a0Tu\u011fba \u00d6zyurt, F\u0131rat Akba\u015f, Osman Kaya, Mehmet Sacit G\u00fcle\u00e7<br>18<sup>th<\/sup>\u00a0National Regional Anaesthesia Congress with International Participation \u00b7 7 June 2022, Izmir, Turkey<\/p>\n\n\n\n<div data-wp-interactive=\"core\/file\" class=\"wp-block-file\"><object data-wp-bind--hidden=\"!state.hasPdfPreview\" hidden class=\"wp-block-file__embed\" data=\"http:\/\/osmankaya.net\/wp-content\/uploads\/2024\/11\/A-Case-Report-Showing-the-Effectiveness-of-Thoracal-Sympatic-Block-and-Radiofrequency-Treatments-in-Compensatory-Hyperhidrosis.pdf\" type=\"application\/pdf\" style=\"width:100%;height:600px\" aria-label=\"A Case Report Showing the Effectiveness of Thoracal Sympatic Block and Radiofrequency Treatments in Compensatory Hyperhidrosis g\u00f6m\u00fcs\u00fc.\"><\/object><a id=\"wp-block-file--media-aeb5be9d-0c14-4f91-af84-d7aaaa6b46dc\" href=\"http:\/\/osmankaya.net\/wp-content\/uploads\/2024\/11\/A-Case-Report-Showing-the-Effectiveness-of-Thoracal-Sympatic-Block-and-Radiofrequency-Treatments-in-Compensatory-Hyperhidrosis.pdf\">A Case Report Showing the Effectiveness of Thoracal Sympatic Block and Radiofrequency Treatments in Compensatory Hyperhidrosis<\/a><a href=\"http:\/\/osmankaya.net\/wp-content\/uploads\/2024\/11\/A-Case-Report-Showing-the-Effectiveness-of-Thoracal-Sympatic-Block-and-Radiofrequency-Treatments-in-Compensatory-Hyperhidrosis.pdf\" class=\"wp-block-file__button wp-element-button\" download aria-describedby=\"wp-block-file--media-aeb5be9d-0c14-4f91-af84-d7aaaa6b46dc\">Download<\/a><\/div>\n\n\n\n<p>To view the PDF online, please visit from your computer browser. To view the PDF from your phone, you can download the file from the link above.<\/p>\n","protected":false},"excerpt":{"rendered":"<p>Oral PresentationCase Title:\u00a0A Case Report Showing the Effectiveness of Thoracal Sympatic Block and Radiofrequency Treatments in CompensatoryAuthors:\u00a0Tu\u011fba \u00d6zyurt, F\u0131rat Akba\u015f, Osman Kaya, Mehmet Sacit G\u00fcle\u00e718th\u00a0National Regional Anaesthesia Congress with International Participation \u00b7 7 June 2022, Izmir, Turkey To view the PDF online, please visit from your computer browser. To view the PDF from your phone, [&hellip;]<\/p>\n","protected":false},"author":1,"featured_media":0,"parent":0,"menu_order":0,"comment_status":"closed","ping_status":"closed","template":"","meta":{"footnotes":""},"class_list":["post-351","page","type-page","status-publish","hentry"],"_links":{"self":[{"href":"https:\/\/osmankaya.net\/index.php?rest_route=\/wp\/v2\/pages\/351","targetHints":{"allow":["GET"]}}],"collection":[{"href":"https:\/\/osmankaya.net\/index.php?rest_route=\/wp\/v2\/pages"}],"about":[{"href":"https:\/\/osmankaya.net\/index.php?rest_route=\/wp\/v2\/types\/page"}],"author":[{"embeddable":true,"href":"https:\/\/osmankaya.net\/index.php?rest_route=\/wp\/v2\/users\/1"}],"replies":[{"embeddable":true,"href":"https:\/\/osmankaya.net\/index.php?rest_route=%2Fwp%2Fv2%2Fcomments&post=351"}],"version-history":[{"count":1,"href":"https:\/\/osmankaya.net\/index.php?rest_route=\/wp\/v2\/pages\/351\/revisions"}],"predecessor-version":[{"id":353,"href":"https:\/\/osmankaya.net\/index.php?rest_route=\/wp\/v2\/pages\/351\/revisions\/353"}],"wp:attachment":[{"href":"https:\/\/osmankaya.net\/index.php?rest_route=%2Fwp%2Fv2%2Fmedia&parent=351"}],"curies":[{"name":"wp","href":"https:\/\/api.w.org\/{rel}","templated":true}]}}