{"id":354,"date":"2024-11-01T18:22:52","date_gmt":"2024-11-01T18:22:52","guid":{"rendered":"http:\/\/osmankaya.net\/?page_id=354"},"modified":"2024-11-01T18:22:52","modified_gmt":"2024-11-01T18:22:52","slug":"oral-presentation-management-of-a-case-developing-resistant-anaphylactic-shock-in-hydatid-cyst-surgery","status":"publish","type":"page","link":"https:\/\/osmankaya.net\/?page_id=354","title":{"rendered":"Oral Presentation \u2013 Management of a Case Developing Resistant Anaphylactic Shock in Hydatid Cyst Surgery"},"content":{"rendered":"\n<p><strong>Oral Presentation<\/strong><br><strong>Case Title:<\/strong>\u00a0Management of a Case Developing Resistant Anaphylactic Shock in Hydatid Cyst Surgery<br><strong>Authors:<\/strong>\u00a0Osman Kaya, G\u00fclay Erdo\u011fan Kayhan, Meryem Onay, Yeliz K\u0131l\u0131\u00e7<br>2<sup>nd<\/sup> Anaesthesiology and Reanimation Symposium with International Participation \u00b7 2 December 2022, Ankara, Turkey<\/p>\n\n\n\n<div data-wp-interactive=\"core\/file\" class=\"wp-block-file\"><object data-wp-bind--hidden=\"!state.hasPdfPreview\" hidden class=\"wp-block-file__embed\" data=\"http:\/\/osmankaya.net\/wp-content\/uploads\/2024\/11\/Management-of-a-Case-Developing-Resistant-Anaphylactic-Shock-in-Hydatid-Cyst-Surgery.pdf\" type=\"application\/pdf\" style=\"width:100%;height:900px\" aria-label=\"Management of a Case Developing Resistant Anaphylactic Shock in Hydatid Cyst Surgery g\u00f6m\u00fcs\u00fc.\"><\/object><a id=\"wp-block-file--media-7591f93f-9883-4b38-b864-0ea290bebff5\" href=\"http:\/\/osmankaya.net\/wp-content\/uploads\/2024\/11\/Management-of-a-Case-Developing-Resistant-Anaphylactic-Shock-in-Hydatid-Cyst-Surgery.pdf\">Management of a Case Developing Resistant Anaphylactic Shock in Hydatid Cyst Surgery<\/a><a href=\"http:\/\/osmankaya.net\/wp-content\/uploads\/2024\/11\/Management-of-a-Case-Developing-Resistant-Anaphylactic-Shock-in-Hydatid-Cyst-Surgery.pdf\" class=\"wp-block-file__button wp-element-button\" download aria-describedby=\"wp-block-file--media-7591f93f-9883-4b38-b864-0ea290bebff5\">Download<\/a><\/div>\n\n\n\n<p>To view the PDF online, please visit from your computer browser. To view the PDF from your phone, you can download the file from the link above.<\/p>\n\n\n\n<p><\/p>\n","protected":false},"excerpt":{"rendered":"<p>Oral PresentationCase Title:\u00a0Management of a Case Developing Resistant Anaphylactic Shock in Hydatid Cyst SurgeryAuthors:\u00a0Osman Kaya, G\u00fclay Erdo\u011fan Kayhan, Meryem Onay, Yeliz K\u0131l\u0131\u00e72nd Anaesthesiology and Reanimation Symposium with International Participation \u00b7 2 December 2022, Ankara, Turkey To view the PDF online, please visit from your computer browser. To view the PDF from your phone, you can [&hellip;]<\/p>\n","protected":false},"author":1,"featured_media":0,"parent":0,"menu_order":0,"comment_status":"closed","ping_status":"closed","template":"","meta":{"footnotes":""},"class_list":["post-354","page","type-page","status-publish","hentry"],"_links":{"self":[{"href":"https:\/\/osmankaya.net\/index.php?rest_route=\/wp\/v2\/pages\/354","targetHints":{"allow":["GET"]}}],"collection":[{"href":"https:\/\/osmankaya.net\/index.php?rest_route=\/wp\/v2\/pages"}],"about":[{"href":"https:\/\/osmankaya.net\/index.php?rest_route=\/wp\/v2\/types\/page"}],"author":[{"embeddable":true,"href":"https:\/\/osmankaya.net\/index.php?rest_route=\/wp\/v2\/users\/1"}],"replies":[{"embeddable":true,"href":"https:\/\/osmankaya.net\/index.php?rest_route=%2Fwp%2Fv2%2Fcomments&post=354"}],"version-history":[{"count":1,"href":"https:\/\/osmankaya.net\/index.php?rest_route=\/wp\/v2\/pages\/354\/revisions"}],"predecessor-version":[{"id":356,"href":"https:\/\/osmankaya.net\/index.php?rest_route=\/wp\/v2\/pages\/354\/revisions\/356"}],"wp:attachment":[{"href":"https:\/\/osmankaya.net\/index.php?rest_route=%2Fwp%2Fv2%2Fmedia&parent=354"}],"curies":[{"name":"wp","href":"https:\/\/api.w.org\/{rel}","templated":true}]}}